{"id":35,"date":"2012-07-31T02:06:57","date_gmt":"2012-07-31T02:06:57","guid":{"rendered":"https:\/\/avada.theme-fusion.com\/?page_id=35"},"modified":"2025-07-19T11:36:06","modified_gmt":"2025-07-19T11:36:06","slug":"home-version-3","status":"publish","type":"page","link":"https:\/\/www.hakelgroup.com\/","title":{"rendered":"Anasayfa"},"content":{"rendered":"<div class=\"fusion-fullwidth fullwidth-box hundred-percent-fullwidth non-hundred-percent-height-scrolling\"  style='background-color: #ffffff;background-position: center center;background-repeat: no-repeat;padding-top:0px;padding-right:0px;padding-bottom:0px;padding-left:0px;'><div class=\"fusion-builder-row fusion-row \"><div  class=\"fusion-layout-column fusion_builder_column fusion_builder_column_1_3  fusion-one-third fusion-column-first 1_3\"  style='margin-top:0px;margin-bottom:20px;width:33.33%;width:calc(33.33% - ( ( 4% + 4% ) * 0.3333 ) );margin-right: 4%;'>\n\t\t\t\t\t<div class=\"fusion-column-wrapper\" style=\"padding: 0px 0px 0px 0px;background-position:left top;background-repeat:no-repeat;-webkit-background-size:cover;-moz-background-size:cover;-o-background-size:cover;background-size:cover;\"  data-bg-url=\"\">\n\t\t\t\t\t\t<div class=\"imageframe-align-center\"><span class=\"fusion-imageframe imageframe-none imageframe-1 hover-type-none\"><a class=\"fusion-no-lightbox\" href=\"https:\/\/www.hakelreklam.com\/\" target=\"_blank\" aria-label=\"Hakel Reklam\" rel=\"noopener noreferrer\"><img loading=\"lazy\" src=\"https:\/\/www.hakelgroup.com\/wp-content\/uploads\/2019\/07\/hakel-reklam-1.jpg\" width=\"940\" height=\"627\" alt=\"\" class=\"img-responsive wp-image-11540\" srcset=\"https:\/\/www.hakelgroup.com\/wp-content\/uploads\/2019\/07\/hakel-reklam-1-200x133.jpg 200w, https:\/\/www.hakelgroup.com\/wp-content\/uploads\/2019\/07\/hakel-reklam-1-400x267.jpg 400w, https:\/\/www.hakelgroup.com\/wp-content\/uploads\/2019\/07\/hakel-reklam-1-600x400.jpg 600w, https:\/\/www.hakelgroup.com\/wp-content\/uploads\/2019\/07\/hakel-reklam-1-800x534.jpg 800w, https:\/\/www.hakelgroup.com\/wp-content\/uploads\/2019\/07\/hakel-reklam-1.jpg 940w\" sizes=\"(max-width: 800px) 100vw, 400px\" \/><\/a><\/span><\/div><div class=\"fusion-sep-clear\"><\/div><div class=\"fusion-separator fusion-full-width-sep sep-none\" style=\"margin-left: auto;margin-right: auto;margin-top:18px;\"><\/div><div class=\"fusion-text\"><h2>T\u00fcm Reklam Malzemeleri Depomuz<\/h2>\n<p>Hakel Ggoup ailesi olarak siz de\u011ferli m\u00fc\u015fterilerimize daha h\u0131zl\u0131 ve g\u00fcvenilir hizmet verebilmek i\u00e7in organize sanayi b\u00f6lgesinde yeni yerimize ta\u015f\u0131nd\u0131k. Art\u0131k kargo ve g\u00f6nderileriniz ana depomuzdan ayn\u0131 g\u00fcn \u00e7\u0131kartabilmekteyiz. <a href=\"https:\/\/reklamdalider.com\/\">ReklamdaLider.com<\/a> sitemizden \u00fcr\u00fcn sat\u0131n alabilirsiniz<\/p>\n<\/div><div class=\"fusion-clearfix\"><\/div>\n\n\t\t\t\t\t<\/div>\n\t\t\t\t<\/div><div  class=\"fusion-layout-column fusion_builder_column fusion_builder_column_1_3  fusion-one-third 1_3\"  style='margin-top:0px;margin-bottom:20px;width:33.33%;width:calc(33.33% - ( ( 4% + 4% ) * 0.3333 ) );margin-right: 4%;'>\n\t\t\t\t\t<div class=\"fusion-column-wrapper\" style=\"padding: 0px 0px 0px 0px;background-position:left top;background-repeat:no-repeat;-webkit-background-size:cover;-moz-background-size:cover;-o-background-size:cover;background-size:cover;\"  data-bg-url=\"\">\n\t\t\t\t\t\t<div class=\"imageframe-align-center\"><span class=\"fusion-imageframe imageframe-none imageframe-2 hover-type-none\"><a class=\"fusion-no-lightbox\" href=\"https:\/\/www.samsunozsut.com\" target=\"_blank\" aria-label=\"samsun-ozsut-avm\" rel=\"noopener noreferrer\"><img loading=\"lazy\" src=\"https:\/\/www.hakelgroup.com\/wp-content\/uploads\/2019\/10\/samsun-ozsut-avm.jpg\" width=\"400\" height=\"267\" alt=\"\" class=\"img-responsive wp-image-11561\" srcset=\"https:\/\/www.hakelgroup.com\/wp-content\/uploads\/2019\/10\/samsun-ozsut-avm-200x134.jpg 200w, https:\/\/www.hakelgroup.com\/wp-content\/uploads\/2019\/10\/samsun-ozsut-avm.jpg 400w\" sizes=\"(max-width: 800px) 100vw, 1100px\" \/><\/a><\/span><\/div><div class=\"fusion-sep-clear\"><\/div><div class=\"fusion-separator fusion-full-width-sep sep-none\" style=\"margin-left: auto;margin-right: auto;margin-top:18px;\"><\/div><div class=\"fusion-text\"><h2>Samsun \u00d6zs\u00fct Bulvar Avm<\/h2>\n<p>Samsun ilkad\u0131m merkezde, \u015fehrin en ferah mekanlar\u0131ndan biri olan Bulvar Avm a\u00e7\u0131khava meydan\u0131nda \u00d6zs\u00fct\u00fcn e\u015fsiz lezzetmerini sizlere sunuyoruz.\u00a0 E\u015f, dost ve arkada\u015flar\u0131n\u0131zla ho\u015f\u00e7a vakit ge\u00e7irebilece\u011finiz nezih bir bekan Haftan\u0131n her g\u00fcn\u00fc a\u00e7\u0131k olan \u00f6zs\u00fct lezzetlerine buradan ula\u015fabilirsiniz.<\/p>\n<\/div><div class=\"fusion-clearfix\"><\/div>\n\n\t\t\t\t\t<\/div>\n\t\t\t\t<\/div><div  class=\"fusion-layout-column fusion_builder_column fusion_builder_column_1_3  fusion-one-third fusion-column-last 1_3\"  style='margin-top:0px;margin-bottom:20px;width:33.33%;width:calc(33.33% - ( ( 4% + 4% ) * 0.3333 ) );'>\n\t\t\t\t\t<div class=\"fusion-column-wrapper\" style=\"padding: 0px 0px 0px 0px;background-position:left top;background-repeat:no-repeat;-webkit-background-size:cover;-moz-background-size:cover;-o-background-size:cover;background-size:cover;\"  data-bg-url=\"\">\n\t\t\t\t\t\t<div class=\"imageframe-align-center\"><span class=\"fusion-imageframe imageframe-none imageframe-3 hover-type-none\"><a class=\"fusion-no-lightbox\" href=\"https:\/\/hakelotomotiv.sahibinden.com\/\" target=\"_blank\" aria-label=\"arac-alim-satil\" rel=\"noopener noreferrer\"><img loading=\"lazy\" src=\"https:\/\/www.hakelgroup.com\/wp-content\/uploads\/2019\/10\/arac-alim-satil.jpg\" width=\"400\" height=\"267\" alt=\"\" class=\"img-responsive wp-image-11563\" srcset=\"https:\/\/www.hakelgroup.com\/wp-content\/uploads\/2019\/10\/arac-alim-satil-200x134.jpg 200w, https:\/\/www.hakelgroup.com\/wp-content\/uploads\/2019\/10\/arac-alim-satil.jpg 400w\" sizes=\"(max-width: 800px) 100vw, 1100px\" \/><\/a><\/span><\/div><div class=\"fusion-sep-clear\"><\/div><div class=\"fusion-separator fusion-full-width-sep sep-none\" style=\"margin-left: auto;margin-right: auto;margin-top:18px;\"><\/div><div class=\"fusion-text\"><h2>2. El Ara\u00e7 Al\u0131m \/ Sat\u0131m<\/h2>\n<p>2. El ara\u00e7 al\u0131m sat\u0131m sekt\u00f6r\u00fcnde g\u00fcvenilir tecr\u00fcbe ve ba\u015far\u0131. Expertizleri yap\u0131lm\u0131\u015f her b\u00fct\u00e7eye uygun uzun \u00f6m\u00fcrl\u00fc ve ekonomik ara\u00e7lardan diledi\u011finizi tercih edebilirsiniz. \u0130ster i\u015f i\u00e7in ister hususi olarak aileniz i\u00e7in ara\u00e7 m\u0131 ar\u0131yorsunuz ? O zaman l\u00fctfen<a href=\"https:\/\/hakelotomotiv.sahibinden.com\/\"> ara\u00e7 p\u00f6rtf\u00f6y\u00fcm\u00fcze bir g\u00f6z at\u0131n\u0131z<\/a>. Akl\u0131n\u0131zda olan her t\u00fcrl\u00fc soru ve sorunlar\u0131n\u0131z i\u00e7in bizi arayabilirsiniz<\/p>\n<\/div><div class=\"fusion-clearfix\"><\/div>\n\n\t\t\t\t\t<\/div>\n\t\t\t\t<\/div><div  class=\"fusion-layout-column fusion_builder_column fusion_builder_column_1_2  fusion-one-half fusion-column-first fusion-column-no-min-height 1_2\"  style='margin-top:0px;margin-bottom:0px;width:48%; margin-right: 4%;'>\n\t\t\t\t\t<div class=\"fusion-column-wrapper\" style=\"padding: 0px 0px 0px 0px;background-position:left top;background-repeat:no-repeat;-webkit-background-size:cover;-moz-background-size:cover;-o-background-size:cover;background-size:cover;\"  data-bg-url=\"\">\n\t\t\t\t\t\t<div class=\"fusion-sep-clear\"><\/div><div class=\"fusion-separator fusion-full-width-sep sep-none\" style=\"margin-left: auto;margin-right: auto;margin-top:25px;\"><\/div><span class=\"fusion-imageframe imageframe-none imageframe-4 hover-type-none\"><img loading=\"lazy\" src=\"https:\/\/www.hakelgroup.com\/wp-content\/uploads\/2019\/07\/makina.png\" width=\"273\" height=\"137\" alt=\"\" title=\"derz-acma\" class=\"img-responsive wp-image-11522\" srcset=\"https:\/\/www.hakelgroup.com\/wp-content\/uploads\/2019\/07\/makina-200x100.png 200w, https:\/\/www.hakelgroup.com\/wp-content\/uploads\/2019\/07\/makina.png 273w\" sizes=\"(max-width: 800px) 100vw, 1100px\" \/><\/span><div class=\"fusion-clearfix\"><\/div>\n\n\t\t\t\t\t<\/div>\n\t\t\t\t<\/div><div  class=\"fusion-layout-column fusion_builder_column fusion_builder_column_1_2  fusion-one-half fusion-column-last fusion-column-no-min-height 1_2\"  style='margin-top:0px;margin-bottom:0px;width:48%'>\n\t\t\t\t\t<div class=\"fusion-column-wrapper\" style=\"padding: 0px 0px 0px 0px;background-position:left top;background-repeat:no-repeat;-webkit-background-size:cover;-moz-background-size:cover;-o-background-size:cover;background-size:cover;\"  data-bg-url=\"\">\n\t\t\t\t\t\t<div class=\"fusion-sep-clear\"><\/div><div class=\"fusion-separator fusion-full-width-sep sep-none\" style=\"margin-left: auto;margin-right: auto;margin-top:25px;\"><\/div><div class=\"fusion-text\"><h2>Dikey Ebatlama ve Derz A\u00e7ma<\/h2>\n<p>Dikey panel ebatlama makinam\u0131z ile \u015fimdi i\u015fleriniz daha kolay ve daha h\u0131zl\u0131, g\u00fcvenli, kusursuz bir \u015fekilde haz\u0131rlanabilmektedir. Hakel Ggoup ailesi olarak <a href=\"https:\/\/www.reklamdalider.com\">reklamdalider.com<\/a> online al\u0131\u015fveri\u015f sitemizi ziyaret edebilirsiniz.<\/p>\n<\/div><div class=\"fusion-clearfix\"><\/div>\n\n\t\t\t\t\t<\/div>\n\t\t\t\t<\/div><div  class=\"fusion-layout-column fusion_builder_column fusion_builder_column_1_1  fusion-one-full fusion-column-first fusion-column-last fusion-column-no-min-height 1_1\"  style='margin-top:0px;margin-bottom:0px;'>\n\t\t\t\t\t<div class=\"fusion-column-wrapper\" style=\"padding: 0px 0px 0px 0px;background-position:left top;background-repeat:no-repeat;-webkit-background-size:cover;-moz-background-size:cover;-o-background-size:cover;background-size:cover;\"  data-bg-url=\"\">\n\t\t\t\t\t\t<div class=\"fusion-sep-clear\"><\/div><div class=\"fusion-separator fusion-full-width-sep sep-none\" style=\"margin-left: auto;margin-right: auto;margin-top:25px;\"><\/div><div class=\"fusion-clearfix\"><\/div>\n\n\t\t\t\t\t<\/div>\n\t\t\t\t<\/div><div  class=\"fusion-layout-column fusion_builder_column fusion_builder_column_1_2  fusion-one-half fusion-column-first 1_2\"  style='margin-top:0px;margin-bottom:20px;width:50%;width:calc(50% - ( ( 4% ) * 0.5 ) );margin-right: 4%;'>\n\t\t\t\t\t<div class=\"fusion-column-wrapper\" style=\"padding: 0px 0px 0px 0px;background-position:left top;background-repeat:no-repeat;-webkit-background-size:cover;-moz-background-size:cover;-o-background-size:cover;background-size:cover;\"  data-bg-url=\"\">\n\t\t\t\t\t\t<div class=\"fusion-tabs fusion-tabs-1 classic horizontal-tabs icon-position-left\"><style type=\"text\/css\">.fusion-tabs.fusion-tabs-1 .nav-tabs li a{border-top-color:#f1f2f2;background-color:#f1f2f2;}.fusion-tabs.fusion-tabs-1 .nav-tabs{background-color:#ffffff;}.fusion-tabs.fusion-tabs-1 .nav-tabs li.active a,.fusion-tabs.fusion-tabs-1 .nav-tabs li.active a:hover,.fusion-tabs.fusion-tabs-1 .nav-tabs li.active a:focus{border-right-color:#ffffff;}.fusion-tabs.fusion-tabs-1 .nav-tabs li.active a,.fusion-tabs.fusion-tabs-1 .nav-tabs li.active a:hover,.fusion-tabs.fusion-tabs-1 .nav-tabs li.active a:focus{background-color:#ffffff;}.fusion-tabs.fusion-tabs-1 .nav-tabs li a:hover{background-color:#ffffff;border-top-color:#ffffff;}.fusion-tabs.fusion-tabs-1 .tab-pane{background-color:#ffffff;}.fusion-tabs.fusion-tabs-1 .nav,.fusion-tabs.fusion-tabs-1 .nav-tabs,.fusion-tabs.fusion-tabs-1 .tab-content .tab-pane{border-color:#ebeaea;}<\/style><div class=\"nav\"><ul class=\"nav-tabs nav-justified\"><li class=\"active\"><a class=\"tab-link\" data-toggle=\"tab\" id=\"fusion-tab-\u00dcr\u00fcn\u00c7e\u015fitlerimiz\" href=\"#tab-0f75c369d4ec2f488c4\"><h4 class=\"fusion-tab-heading\">\u00dcr\u00fcn \u00c7e\u015fitlerimiz<\/h4><\/a><\/li><\/ul><\/div><div class=\"tab-content\"><div class=\"nav fusion-mobile-tab-nav\"><ul class=\"nav-tabs nav-justified\"><li class=\"active\"><a class=\"tab-link\" data-toggle=\"tab\" id=\"mobile-fusion-tab-\u00dcr\u00fcn\u00c7e\u015fitlerimiz\" href=\"#tab-0f75c369d4ec2f488c4\"><h4 class=\"fusion-tab-heading\">\u00dcr\u00fcn \u00c7e\u015fitlerimiz<\/h4><\/a><\/li><\/ul><\/div><div class=\"tab-pane fade fusion-clearfix in active\" id=\"tab-0f75c369d4ec2f488c4\"><i class=\"fontawesome-icon  fa fa-random circle-yes\" style=\"border-color:#333333;background-color:#333333;font-size:35.2px;line-height:70.4px;height:70.4px;width:70.4px;margin-right:20px;color:#ffffff;\"><\/i>Al\u00fcminyum Kompozit, Ara\u00e7 Uygulama Folyolar\u0131, Aynal\u0131 Dekotalar, Bask\u0131 Ka\u011f\u0131tlar\u0131, Boya-M\u00fcrekkep, \u00c7ift Tarafl\u0131 Bantlar, Dekota-Forex, Digital Bask\u0131 Folyolar\u0131, Ekstra \u00dcr\u00fcnler, Folyo S\u00f6k\u00fcc\u00fcler, Par\u00e7a Folyolar. Polikarbon Levhalar, Reklam Dubalar\u0131, Reklam Folyolar\u0131, Standlar, Ta\u015f\u0131y\u0131c\u0131lar-Transfer Bantlar\u0131<\/div><\/div><\/div><div class=\"fusion-clearfix\"><\/div>\n\n\t\t\t\t\t<\/div>\n\t\t\t\t<\/div><div  class=\"fusion-layout-column fusion_builder_column fusion_builder_column_1_2  fusion-one-half fusion-column-last 1_2\"  style='margin-top:0px;margin-bottom:20px;width:50%;width:calc(50% - ( ( 4% ) * 0.5 ) );'>\n\t\t\t\t\t<div class=\"fusion-column-wrapper\" style=\"padding: 0px 0px 0px 0px;background-position:left top;background-repeat:no-repeat;-webkit-background-size:cover;-moz-background-size:cover;-o-background-size:cover;background-size:cover;\"  data-bg-url=\"\">\n\t\t\t\t\t\t<div class=\"fusion-title title fusion-title-size-two\" style=\"margin-top:0px;margin-bottom:30px;\"><h2 class=\"title-heading-left\">Neler Yapmaktay\u0131z<\/h2><div class=\"title-sep-container\"><div class=\"title-sep sep-double\" style=\"border-color:#e0dede;\"><\/div><\/div><\/div><ul class=\"fusion-checklist fusion-checklist-1\" style=\"font-size:13px;line-height:22.1px;\"><li class=\"fusion-li-item\"><span style=\"background-color:#991e1e;font-size:11.44px;height:22.1px;width:22.1px;margin-right:9.1px;\" class=\"icon-wrapper circle-yes\"><i class=\"fusion-li-icon  fa fa-check\" style=\"color:#ffffff;\"><\/i><\/span><div class=\"fusion-li-item-content\" style=\"margin-left:31.2px;\">\n<p>Reklamda Lider \u00dczerinden online \u00fcr\u00fcn sat\u0131\u015f\u0131<\/p>\n<\/div><\/li><li class=\"fusion-li-item\"><span style=\"background-color:#991e1e;font-size:11.44px;height:22.1px;width:22.1px;margin-right:9.1px;\" class=\"icon-wrapper circle-yes\"><i class=\"fusion-li-icon  fa fa-check\" style=\"color:#ffffff;\"><\/i><\/span><div class=\"fusion-li-item-content\" style=\"margin-left:31.2px;\">\n<p>Toptan reklam malzemeleri<\/p>\n<\/div><\/li><li class=\"fusion-li-item\"><span style=\"background-color:#991e1e;font-size:11.44px;height:22.1px;width:22.1px;margin-right:9.1px;\" class=\"icon-wrapper circle-yes\"><i class=\"fusion-li-icon  fa fa-check\" style=\"color:#ffffff;\"><\/i><\/span><div class=\"fusion-li-item-content\" style=\"margin-left:31.2px;\">\n<p>Reklam Ajanslar\u0131na bask\u0131 \u00e7\u00f6z\u00fcmleri<\/p>\n<\/div><\/li><li class=\"fusion-li-item\"><span style=\"background-color:#991e1e;font-size:11.44px;height:22.1px;width:22.1px;margin-right:9.1px;\" class=\"icon-wrapper circle-yes\"><i class=\"fusion-li-icon  fa fa-check\" style=\"color:#ffffff;\"><\/i><\/span><div class=\"fusion-li-item-content\" style=\"margin-left:31.2px;\">\n<p>Promosyon \u00fcr\u00fcn tedariki ve pazarlamas\u0131<\/p>\n<\/div><\/li><li class=\"fusion-li-item\"><span style=\"background-color:#991e1e;font-size:11.44px;height:22.1px;width:22.1px;margin-right:9.1px;\" class=\"icon-wrapper circle-yes\"><i class=\"fusion-li-icon  fa fa-check\" style=\"color:#ffffff;\"><\/i><\/span><div class=\"fusion-li-item-content\" style=\"margin-left:31.2px;\">\n<p>Kurumsal \u00e7\u00f6z\u00fcmler ve bayilik \u00e7al\u0131\u015fmalar\u0131<\/p>\n<\/div><\/li><\/ul><div class=\"fusion-clearfix\"><\/div>\n\n\t\t\t\t\t<\/div>\n\t\t\t\t<\/div><div  class=\"fusion-layout-column fusion_builder_column fusion_builder_column_1_1  fusion-one-full fusion-column-first fusion-column-last fusion-column-no-min-height 1_1\"  style='margin-top:0px;margin-bottom:0px;'>\n\t\t\t\t\t<div class=\"fusion-column-wrapper\" style=\"padding: 0px 0px 0px 0px;background-position:left top;background-repeat:no-repeat;-webkit-background-size:cover;-moz-background-size:cover;-o-background-size:cover;background-size:cover;\"  data-bg-url=\"\">\n\t\t\t\t\t\t<div class=\"fusion-title title fusion-title-size-two\" style=\"margin-top:0px;margin-bottom:30px;\"><h2 class=\"title-heading-left\">Bayiliklerimiz<\/h2><div class=\"title-sep-container\"><div class=\"title-sep sep-double\" style=\"border-color:#e0dede;\"><\/div><\/div><\/div><div class=\"fusion-clearfix\"><\/div>\n\n\t\t\t\t\t<\/div>\n\t\t\t\t<\/div><div  class=\"fusion-layout-column fusion_builder_column fusion_builder_column_1_1  fusion-one-full fusion-column-first fusion-column-last fusion-column-no-min-height 1_1\"  style='margin-top:0px;margin-bottom:0px;'>\n\t\t\t\t\t<div class=\"fusion-column-wrapper\" style=\"padding: 0px 0px 0px 0px;background-position:left top;background-repeat:no-repeat;-webkit-background-size:cover;-moz-background-size:cover;-o-background-size:cover;background-size:cover;\"  data-bg-url=\"\">\n\t\t\t\t\t\t<div class=\"fusion-text\"><div class=\"fusion-image-carousel fusion-image-carousel-fixed fusion-carousel-border\"><div class=\"fusion-carousel\" data-autoplay=\"no\" data-columns=\"5\" data-itemmargin=\"13\" data-itemwidth=\"180\" data-touchscroll=\"no\" data-imagesize=\"fixed\"><div class=\"fusion-carousel-positioner\"><ul class=\"fusion-carousel-holder\"><li class=\"fusion-carousel-item\"><div class=\"fusion-carousel-item-wrapper\"><div class=\"fusion-image-wrapper hover-type-none\"><a href=\"#\" target=\"_self\"><img width=\"156\" height=\"113\" src=\"https:\/\/www.hakelgroup.com\/wp-content\/uploads\/2017\/08\/solvetex.jpg\" class=\"attachment-blog-medium size-blog-medium\" alt=\"\" loading=\"lazy\" \/><\/a><\/div><\/div><\/li><li class=\"fusion-carousel-item\"><div class=\"fusion-carousel-item-wrapper\"><div class=\"fusion-image-wrapper hover-type-none\"><a href=\"#\" target=\"_self\"><img width=\"156\" height=\"113\" src=\"https:\/\/www.hakelgroup.com\/wp-content\/uploads\/2017\/08\/sistem.jpg\" class=\"attachment-blog-medium size-blog-medium\" alt=\"\" loading=\"lazy\" \/><\/a><\/div><\/div><\/li><li class=\"fusion-carousel-item\"><div class=\"fusion-carousel-item-wrapper\"><div class=\"fusion-image-wrapper hover-type-none\"><a href=\"#\" target=\"_self\"><img width=\"156\" height=\"113\" src=\"https:\/\/www.hakelgroup.com\/wp-content\/uploads\/2017\/08\/polican.jpg\" class=\"attachment-blog-medium size-blog-medium\" alt=\"\" loading=\"lazy\" \/><\/a><\/div><\/div><\/li><li class=\"fusion-carousel-item\"><div class=\"fusion-carousel-item-wrapper\"><div class=\"fusion-image-wrapper hover-type-none\"><a href=\"#\" target=\"_self\"><img width=\"156\" height=\"113\" src=\"https:\/\/www.hakelgroup.com\/wp-content\/uploads\/2017\/08\/ozsut.jpg\" class=\"attachment-blog-medium size-blog-medium\" alt=\"\" loading=\"lazy\" \/><\/a><\/div><\/div><\/li><li class=\"fusion-carousel-item\"><div class=\"fusion-carousel-item-wrapper\"><div class=\"fusion-image-wrapper hover-type-none\"><a href=\"#\" target=\"_self\"><img width=\"156\" height=\"113\" src=\"https:\/\/www.hakelgroup.com\/wp-content\/uploads\/2017\/08\/orafol.jpg\" class=\"attachment-blog-medium size-blog-medium\" alt=\"\" loading=\"lazy\" \/><\/a><\/div><\/div><\/li><li class=\"fusion-carousel-item\"><div class=\"fusion-carousel-item-wrapper\"><div class=\"fusion-image-wrapper hover-type-none\"><a href=\"#\" target=\"_self\"><img width=\"156\" height=\"113\" src=\"https:\/\/www.hakelgroup.com\/wp-content\/uploads\/2017\/08\/hakel.jpg\" class=\"attachment-blog-medium size-blog-medium\" alt=\"\" loading=\"lazy\" \/><\/a><\/div><\/div><\/li><li class=\"fusion-carousel-item\"><div class=\"fusion-carousel-item-wrapper\"><div class=\"fusion-image-wrapper hover-type-none\"><a href=\"#\" target=\"_self\"><img width=\"156\" height=\"113\" src=\"https:\/\/www.hakelgroup.com\/wp-content\/uploads\/2017\/08\/frimpeks.jpg\" class=\"attachment-blog-medium size-blog-medium\" alt=\"\" loading=\"lazy\" \/><\/a><\/div><\/div><\/li><li class=\"fusion-carousel-item\"><div class=\"fusion-carousel-item-wrapper\"><div class=\"fusion-image-wrapper hover-type-none\"><a href=\"#\" target=\"_self\"><img width=\"156\" height=\"113\" src=\"https:\/\/www.hakelgroup.com\/wp-content\/uploads\/2017\/08\/castplas.jpg\" class=\"attachment-blog-medium size-blog-medium\" alt=\"\" loading=\"lazy\" \/><\/a><\/div><\/div><\/li><\/ul><div class=\"fusion-carousel-nav\"><span class=\"fusion-nav-prev\"><\/span><span class=\"fusion-nav-next\"><\/span><\/div><\/div><\/div><\/div>\n<\/div><div class=\"fusion-sep-clear\"><\/div><div class=\"fusion-separator fusion-full-width-sep sep-single sep-solid\" style=\"border-color:#e0dede;border-top-width:1px;margin-left: auto;margin-right: auto;margin-top:;\"><\/div><div class=\"fusion-clearfix\"><\/div>\n\n\t\t\t\t\t<\/div>\n\t\t\t\t<\/div><\/div><\/div>\n","protected":false},"excerpt":{"rendered":"","protected":false},"author":3,"featured_media":0,"parent":0,"menu_order":0,"comment_status":"closed","ping_status":"closed","template":"","meta":[],"_links":{"self":[{"href":"https:\/\/www.hakelgroup.com\/index.php?rest_route=\/wp\/v2\/pages\/35"}],"collection":[{"href":"https:\/\/www.hakelgroup.com\/index.php?rest_route=\/wp\/v2\/pages"}],"about":[{"href":"https:\/\/www.hakelgroup.com\/index.php?rest_route=\/wp\/v2\/types\/page"}],"author":[{"embeddable":true,"href":"https:\/\/www.hakelgroup.com\/index.php?rest_route=\/wp\/v2\/users\/3"}],"replies":[{"embeddable":true,"href":"https:\/\/www.hakelgroup.com\/index.php?rest_route=%2Fwp%2Fv2%2Fcomments&post=35"}],"version-history":[{"count":28,"href":"https:\/\/www.hakelgroup.com\/index.php?rest_route=\/wp\/v2\/pages\/35\/revisions"}],"predecessor-version":[{"id":11577,"href":"https:\/\/www.hakelgroup.com\/index.php?rest_route=\/wp\/v2\/pages\/35\/revisions\/11577"}],"wp:attachment":[{"href":"https:\/\/www.hakelgroup.com\/index.php?rest_route=%2Fwp%2Fv2%2Fmedia&parent=35"}],"curies":[{"name":"wp","href":"https:\/\/api.w.org\/{rel}","templated":true}]}}